{"id":289715,"date":"2024-11-22T17:17:18","date_gmt":"2024-11-22T16:17:18","guid":{"rendered":"https:\/\/tca-bru.be\/?page_id=289715"},"modified":"2025-08-29T15:12:58","modified_gmt":"2025-08-29T13:12:58","slug":"emas-patients","status":"publish","type":"page","link":"https:\/\/tca-bru.be\/en\/emas-patients\/","title":{"rendered":"patients EMAS"},"content":{"rendered":"<p>[et_pb_section fb_built=\u00a0\u00bb1&Prime; custom_padding_last_edited=\u00a0\u00bbon|desktop\u00a0\u00bb _builder_version=\u00a0\u00bb4.27.2&Prime; _module_preset=\u00a0\u00bbdefault\u00a0\u00bb background_color=\u00a0\u00bbRGBA(255,255,255,0)\u00a0\u00bb custom_margin=\u00a0\u00bb120px||0px||false|false\u00a0\u00bb custom_margin_tablet=\u00a0\u00bb131px||0px||false|false\u00a0\u00bb custom_margin_phone=\u00a0\u00bb100px||0px||false|false\u00a0\u00bb custom_margin_last_edited=\u00a0\u00bbon|phone\u00a0\u00bb custom_padding=\u00a0\u00bb20px||20px||true|false\u00a0\u00bb custom_padding_tablet=\u00a0\u00bb20px||20px||true|false\u00a0\u00bb custom_padding_phone=\u00a0\u00bb10px||10px||true|false\u00a0\u00bb da_disable_devices=\u00a0\u00bboff|off|off\u00a0\u00bb border_width_bottom=\u00a0\u00bb1px\u00a0\u00bb border_color_bottom=\u00a0\u00bb#306183&Prime; locked=\u00a0\u00bboff\u00a0\u00bb global_colors_info=\u00a0\u00bb{}\u00a0\u00bb da_is_popup=\u00a0\u00bboff\u00a0\u00bb da_exit_intent=\u00a0\u00bboff\u00a0\u00bb da_has_close=\u00a0\u00bbon\u00a0\u00bb da_alt_close=\u00a0\u00bboff\u00a0\u00bb da_dark_close=\u00a0\u00bboff\u00a0\u00bb da_not_modal=\u00a0\u00bbon\u00a0\u00bb da_is_singular=\u00a0\u00bboff\u00a0\u00bb da_with_loader=\u00a0\u00bboff\u00a0\u00bb da_has_shadow=\u00a0\u00bbon\u00a0\u00bb][et_pb_row custom_padding_last_edited=\u00a0\u00bbon|phone\u00a0\u00bb _builder_version=\u00a0\u00bb4.27.2&Prime; _module_preset=\u00a0\u00bbdefault\u00a0\u00bb width_tablet=\u00a0\u00bb\u00a0\u00bb width_phone=\u00a0\u00bb100%\u00a0\u00bb width_last_edited=\u00a0\u00bbon|phone\u00a0\u00bb custom_margin=\u00a0\u00bb0px||0px||false|false\u00a0\u00bb custom_padding=\u00a0\u00bb0px||0px||false|false\u00a0\u00bb custom_padding_tablet=\u00a0\u00bb||0px||false|false\u00a0\u00bb custom_padding_phone=\u00a0\u00bb|10px|0px|10px|false|true\u00a0\u00bb global_colors_info=\u00a0\u00bb{}\u00a0\u00bb][et_pb_column type=\u00a0\u00bb4_4&Prime; _builder_version=\u00a0\u00bb4.21.0&Prime; _module_preset=\u00a0\u00bbdefault\u00a0\u00bb global_colors_info=\u00a0\u00bb{}\u00a0\u00bb][et_pb_text module_id=\u00a0\u00bbannorexie mentale\u00a0\u00bb _builder_version=\u00a0\u00bb4.27.4&Prime; _module_preset=\u00a0\u00bbdefault\u00a0\u00bb header_font=\u00a0\u00bbQuicksand|800|||||||\u00a0\u00bb header_text_align=\u00a0\u00bbcenter\u00a0\u00bb header_text_color=\u00a0\u00bb#306183&Prime; header_2_font=\u00a0\u00bbAlbert Sans|500|||||||\u00a0\u00bb header_2_text_align=\u00a0\u00bbcenter\u00a0\u00bb header_2_text_color=\u00a0\u00bb#141E37&Prime; header_2_font_size=\u00a0\u00bb30px\u00a0\u00bb header_text_align_tablet=\u00a0\u00bbcenter\u00a0\u00bb header_text_align_phone=\u00a0\u00bbcenter\u00a0\u00bb header_text_align_last_edited=\u00a0\u00bbon|phone\u00a0\u00bb header_font_size_tablet=\u00a0\u00bb39px\u00a0\u00bb header_font_size_phone=\u00a0\u00bb38px\u00a0\u00bb header_font_size_last_edited=\u00a0\u00bbon|desktop\u00a0\u00bb header_2_font_size_tablet=\u00a0\u00bb28px\u00a0\u00bb header_2_font_size_phone=\u00a0\u00bb21px\u00a0\u00bb header_2_font_size_last_edited=\u00a0\u00bbon|desktop\u00a0\u00bb global_colors_info=\u00a0\u00bb{}\u00a0\u00bb]<\/p>\n<h1>L\u2019\u00c9quipe Multidisciplinaire Ambulatoire de Soutien (EMAS)<\/h1>\n<p>[\/et_pb_text][\/et_pb_column][\/et_pb_row][\/et_pb_section][et_pb_section fb_built=\u00a0\u00bb1&Prime; custom_padding_last_edited=\u00a0\u00bbon|phone\u00a0\u00bb _builder_version=\u00a0\u00bb4.27.4&Prime; _module_preset=\u00a0\u00bbdefault\u00a0\u00bb custom_margin=\u00a0\u00bb0px|-24px||-24px|false|true\u00a0\u00bb custom_padding=\u00a0\u00bb30px||||false|false\u00a0\u00bb custom_padding_tablet=\u00a0\u00bb30px||||false|false\u00a0\u00bb custom_padding_phone=\u00a0\u00bb|||0px|false|false\u00a0\u00bb da_disable_devices=\u00a0\u00bboff|off|off\u00a0\u00bb global_colors_info=\u00a0\u00bb{}\u00a0\u00bb da_is_popup=\u00a0\u00bboff\u00a0\u00bb da_exit_intent=\u00a0\u00bboff\u00a0\u00bb da_has_close=\u00a0\u00bbon\u00a0\u00bb da_alt_close=\u00a0\u00bboff\u00a0\u00bb da_dark_close=\u00a0\u00bboff\u00a0\u00bb da_not_modal=\u00a0\u00bbon\u00a0\u00bb da_is_singular=\u00a0\u00bboff\u00a0\u00bb da_with_loader=\u00a0\u00bboff\u00a0\u00bb da_has_shadow=\u00a0\u00bbon\u00a0\u00bb][et_pb_row _builder_version=\u00a0\u00bb4.27.4&Prime; _module_preset=\u00a0\u00bbdefault\u00a0\u00bb custom_margin=\u00a0\u00bb0px||||false|false\u00a0\u00bb custom_padding=\u00a0\u00bb0px||1px||false|false\u00a0\u00bb global_colors_info=\u00a0\u00bb{}\u00a0\u00bb][et_pb_column type=\u00a0\u00bb4_4&Prime; _builder_version=\u00a0\u00bb4.27.3&Prime; _module_preset=\u00a0\u00bbdefault\u00a0\u00bb global_colors_info=\u00a0\u00bb{}\u00a0\u00bb][et_pb_text _builder_version=\u00a0\u00bb4.27.4&Prime; _module_preset=\u00a0\u00bbdefault\u00a0\u00bb text_font=\u00a0\u00bbAlbert Sans|500|||||||\u00a0\u00bb text_font_size=\u00a0\u00bb20px\u00a0\u00bb text_line_height=\u00a0\u00bb1.4em\u00a0\u00bb background_color=\u00a0\u00bbRGBA(79,159,216,0.17)\u00a0\u00bb custom_margin=\u00a0\u00bb|0px||0px|true|true\u00a0\u00bb custom_padding=\u00a0\u00bb20px|19px|2px|19px|false|true\u00a0\u00bb text_font_size_tablet=\u00a0\u00bb21px\u00a0\u00bb text_font_size_phone=\u00a0\u00bb17px\u00a0\u00bb text_font_size_last_edited=\u00a0\u00bbon|phone\u00a0\u00bb border_radii=\u00a0\u00bbon|10px|10px|10px|10px\u00a0\u00bb border_color_all=\u00a0\u00bbRGBA(79,159,216,0.17)\u00a0\u00bb global_colors_info=\u00a0\u00bb{}\u00a0\u00bb]<\/p>\n<p>L\u2019EMAS a \u00e9t\u00e9 mise en place par le r\u00e9seau <span style=\"color: #50a3db;\"><strong><a href=\"http:\/\/www.bru-stars.be\" target=\"_blank\" rel=\"noopener\" style=\"color: #50a3db;\"><span style=\"text-decoration: underline;\">Bru-Stars<\/span><\/a><\/strong><\/span> dans le cadre de la convention du trajet de soins pour les troubles du comportement alimentaire (TCA), initi\u00e9e par l\u2019INAMI.<\/p>\n<p>Cette \u00e9quipe multidisciplinaire a pour mission de <strong>soutenir les professionnel\u00b7les de premi\u00e8re ligne<\/strong> en proposant :<\/p>\n<p>&nbsp;<\/p>\n<ul>\n<li>Soutien aux prestataires de soins ambulatoires<\/li>\n<li>Aide aux trajets de soins complexes<\/li>\n<li>Inventaire de l\u2019offre de soins<\/li>\n<li>Formations et \u00e9changes d\u2019expertise<\/li>\n<\/ul>\n<p>[\/et_pb_text][et_pb_button button_url=\u00a0\u00bbhttps:\/\/www.inami.fgov.be\/fr\/https:\/\/www.inami.fgov.be\/fr\/themes\/soins-de-sante-cout-et-remboursement\/les-prestations-de-sante-que-vous-rembourse-votre-mutualite\/soins-de-sante-mentale\/prise-en-charge-des-troubles-du-comportement-alimentaire-pour-les-jeunes-jusqu-a-23-ans-inclusthemes\/soins-de-sante-cout-et-remboursement\/les-prestations-de-sante-que-vous-rembourse-votre-mutualite\/soins-de-sante-mentale\/une-prise-en-charge-ambulatoire-des-jeunes-jusqu-a-23-ans-revolus-atteints-de-troubles-du-comportement-alimentaire-grace-a-un-trajet-de-soins-multidisciplinaire\u00a0\u00bb button_text=\u00a0\u00bbInformations sur le trajet de soins | site de l&rsquo;INAMI\u00a0\u00bb button_alignment=\u00a0\u00bbcenter\u00a0\u00bb _builder_version=\u00a0\u00bb4.27.4&Prime; _module_preset=\u00a0\u00bbdefault\u00a0\u00bb button_text_size=\u00a0\u00bb19px\u00a0\u00bb button_text_color=\u00a0\u00bb#FFFFFF\u00a0\u00bb button_bg_color=\u00a0\u00bb#306183&Prime; button_border_color=\u00a0\u00bb#306183&Prime; button_border_radius=\u00a0\u00bb10px\u00a0\u00bb button_icon=\u00a0\u00bb&#xf138;||fa||900&Prime; button_on_hover=\u00a0\u00bboff\u00a0\u00bb custom_padding=\u00a0\u00bb|24px||24px|false|true\u00a0\u00bb button_text_size_tablet=\u00a0\u00bb\u00a0\u00bb button_text_size_phone=\u00a0\u00bb17px\u00a0\u00bb button_text_size_last_edited=\u00a0\u00bbon|desktop\u00a0\u00bb custom_css_free_form=\u00a0\u00bb.selector {||  width: 100%;||}\u00a0\u00bb button_text_shadow_style=\u00a0\u00bbnone\u00a0\u00bb locked=\u00a0\u00bboff\u00a0\u00bb global_colors_info=\u00a0\u00bb{}\u00a0\u00bb button_bg_color__hover_enabled=\u00a0\u00bbon|hover\u00a0\u00bb button_bg_color__hover=\u00a0\u00bbRGBA(255,255,255,0)\u00a0\u00bb button_bg_enable_color__hover=\u00a0\u00bbon\u00a0\u00bb button_text_size__hover_enabled=\u00a0\u00bbon|desktop\u00a0\u00bb button_border_width__hover_enabled=\u00a0\u00bbon|hover\u00a0\u00bb button_border_width__hover=\u00a0\u00bb\u00a0\u00bb button_text_color__hover_enabled=\u00a0\u00bbon|hover\u00a0\u00bb button_text_color__hover=\u00a0\u00bb#141E37&Prime; button_border_color__hover_enabled=\u00a0\u00bbon|hover\u00a0\u00bb button_border_color__hover=\u00a0\u00bb#141E37&Prime; button_text_size__hover=\u00a0\u00bb19px\u00a0\u00bb][\/et_pb_button][et_pb_text _builder_version=\u00a0\u00bb4.27.4&Prime; _module_preset=\u00a0\u00bbdefault\u00a0\u00bb text_font=\u00a0\u00bbAlbert Sans|500|||||||\u00a0\u00bb text_font_size=\u00a0\u00bb19px\u00a0\u00bb text_line_height=\u00a0\u00bb1.8em\u00a0\u00bb custom_margin=\u00a0\u00bb|9px|0px|9px|false|true\u00a0\u00bb custom_padding=\u00a0\u00bb0px|10px||10px|false|true\u00a0\u00bb custom_padding_tablet=\u00a0\u00bb0px|10px||10px|false|true\u00a0\u00bb custom_padding_phone=\u00a0\u00bb0px|0px||0px|false|true\u00a0\u00bb custom_padding_last_edited=\u00a0\u00bboff|desktop\u00a0\u00bb text_font_size_tablet=\u00a0\u00bb17px\u00a0\u00bb text_font_size_phone=\u00a0\u00bb15px\u00a0\u00bb text_font_size_last_edited=\u00a0\u00bbon|phone\u00a0\u00bb header_3_font_size_tablet=\u00a0\u00bb\u00a0\u00bb header_3_font_size_phone=\u00a0\u00bb25px\u00a0\u00bb header_3_font_size_last_edited=\u00a0\u00bbon|phone\u00a0\u00bb text_orientation_tablet=\u00a0\u00bb\u00a0\u00bb text_orientation_phone=\u00a0\u00bbleft\u00a0\u00bb text_orientation_last_edited=\u00a0\u00bbon|phone\u00a0\u00bb border_color_top=\u00a0\u00bb#F3A42D\u00a0\u00bb border_style_top=\u00a0\u00bbdashed\u00a0\u00bb border_color_right=\u00a0\u00bb#F3A42D\u00a0\u00bb border_style_right=\u00a0\u00bbdashed\u00a0\u00bb border_color_left=\u00a0\u00bb#F3A42D\u00a0\u00bb border_style_left=\u00a0\u00bbdashed\u00a0\u00bb locked=\u00a0\u00bboff\u00a0\u00bb global_colors_info=\u00a0\u00bb{}\u00a0\u00bb]<\/p>\n<h3><span style=\"color: #306183;\">Contactez l\u2019\u00e9quipe EMAS<\/span><\/h3>\n<p><span><\/span><\/p>\n<p><b>Pour toutes questions<\/b><span>, appelez notre permanence : <a href=\"tel:+32485711942\"><span style=\"color: #50a3db;\"><strong>0485\/71 19 42<\/strong><\/span><\/a><\/span><span><br \/><\/span><span>Lundi au vendredi, 09:00-12:30 | 13:00-16:30<\/span><\/p>\n<p><span>ou envoyez un mail \u00e0 <\/span><a href=\"mailto:tca.info@brs-stars.be\"><span style=\"color: #50a3db;\"><strong>tca.info@bru-stars.be<\/strong><\/span><\/a><em><\/em><\/p>\n<p style=\"text-align: left;\"><span style=\"color: #4084b2;\"><strong><\/strong><\/span><\/p>\n<p>[\/et_pb_text][et_pb_text _builder_version=\u00a0\u00bb4.27.4&Prime; _module_preset=\u00a0\u00bbdefault\u00a0\u00bb text_font=\u00a0\u00bbAlbert Sans|500|||||||\u00a0\u00bb text_font_size=\u00a0\u00bb18px\u00a0\u00bb custom_margin=\u00a0\u00bb|9px||9px|false|true\u00a0\u00bb custom_padding=\u00a0\u00bb0px|10px||10px|false|true\u00a0\u00bb custom_padding_tablet=\u00a0\u00bb0px|10px||10px|false|true\u00a0\u00bb custom_padding_phone=\u00a0\u00bb0px|10px|0px|10px|true|true\u00a0\u00bb custom_padding_last_edited=\u00a0\u00bbon|desktop\u00a0\u00bb text_font_size_tablet=\u00a0\u00bb17px\u00a0\u00bb text_font_size_phone=\u00a0\u00bb15px\u00a0\u00bb text_font_size_last_edited=\u00a0\u00bbon|phone\u00a0\u00bb text_orientation_tablet=\u00a0\u00bb\u00a0\u00bb text_orientation_phone=\u00a0\u00bbleft\u00a0\u00bb text_orientation_last_edited=\u00a0\u00bbon|phone\u00a0\u00bb border_color_top=\u00a0\u00bb#F3A42D\u00a0\u00bb border_style_top=\u00a0\u00bbdashed\u00a0\u00bb border_color_right=\u00a0\u00bb#F3A42D\u00a0\u00bb border_style_right=\u00a0\u00bbdashed\u00a0\u00bb border_color_left=\u00a0\u00bb#F3A42D\u00a0\u00bb border_style_left=\u00a0\u00bbdashed\u00a0\u00bb locked=\u00a0\u00bboff\u00a0\u00bb global_colors_info=\u00a0\u00bb{}\u00a0\u00bb]<\/p>\n<p>L&rsquo;EMAS regroupe plusieurs expert\u00b7es pour un accompagnement global et adapt\u00e9 :<\/p>\n<ul>\n<li><strong>P\u00e9dopsychiatre<\/strong> : Elise Metens \u2013 <a href=\"mailto:e.metens@bru-stars.be\"><span>e<\/span><span>.metens<\/span><span>@bru<\/span><span>-stars<\/span><span>.be<\/span><\/a><\/li>\n<li><strong>Di\u00e9t\u00e9ticienne<\/strong> : Kirsten Nagle \u2013 <a href=\"mailto:k.nagle@bru-stars.be\"><span>k<\/span><span>.nagle<\/span><span>@bru<\/span><span>-stars<\/span><span>.be<\/span><\/a> <em>(Ve : 9h-17h)<\/em><\/li>\n<\/ul>\n<p style=\"text-align: left;\"><span style=\"color: #4084b2;\"><strong><\/strong><\/span><\/p>\n<p>[\/et_pb_text][\/et_pb_column][\/et_pb_row][\/et_pb_section]<\/p>\n","protected":false},"excerpt":{"rendered":"<p>L\u2019\u00c9quipe Multidisciplinaire Ambulatoire de Soutien (EMAS)L\u2019EMAS a \u00e9t\u00e9 mise en place par le r\u00e9seau Bru-Stars dans le cadre de la convention du trajet de soins pour les troubles du comportement alimentaire (TCA), initi\u00e9e par l\u2019INAMI. Cette \u00e9quipe multidisciplinaire a pour mission de soutenir les professionnel\u00b7les de premi\u00e8re ligne en proposant : &nbsp; Soutien aux prestataires [&hellip;]<\/p>\n","protected":false},"author":1,"featured_media":0,"parent":0,"menu_order":0,"comment_status":"closed","ping_status":"closed","template":"","meta":{"_et_pb_use_builder":"on","_et_pb_old_content":"","_et_gb_content_width":"","footnotes":""},"difl_page_category":[],"class_list":["post-289715","page","type-page","status-publish","hentry"],"_links":{"self":[{"href":"https:\/\/tca-bru.be\/en\/wp-json\/wp\/v2\/pages\/289715","targetHints":{"allow":["GET"]}}],"collection":[{"href":"https:\/\/tca-bru.be\/en\/wp-json\/wp\/v2\/pages"}],"about":[{"href":"https:\/\/tca-bru.be\/en\/wp-json\/wp\/v2\/types\/page"}],"author":[{"embeddable":true,"href":"https:\/\/tca-bru.be\/en\/wp-json\/wp\/v2\/users\/1"}],"replies":[{"embeddable":true,"href":"https:\/\/tca-bru.be\/en\/wp-json\/wp\/v2\/comments?post=289715"}],"version-history":[{"count":30,"href":"https:\/\/tca-bru.be\/en\/wp-json\/wp\/v2\/pages\/289715\/revisions"}],"predecessor-version":[{"id":290457,"href":"https:\/\/tca-bru.be\/en\/wp-json\/wp\/v2\/pages\/289715\/revisions\/290457"}],"wp:attachment":[{"href":"https:\/\/tca-bru.be\/en\/wp-json\/wp\/v2\/media?parent=289715"}],"wp:term":[{"taxonomy":"difl_page_category","embeddable":true,"href":"https:\/\/tca-bru.be\/en\/wp-json\/wp\/v2\/difl_page_category?post=289715"}],"curies":[{"name":"wp","href":"https:\/\/api.w.org\/{rel}","templated":true}]}}